{"id":4753,"date":"2018-04-12T17:15:11","date_gmt":"2018-04-12T17:15:11","guid":{"rendered":"http:\/\/vitecer.hu\/kozelgo-kiallitasaink\/"},"modified":"2018-04-13T14:42:15","modified_gmt":"2018-04-13T14:42:15","slug":"upcoming-events","status":"publish","type":"page","link":"https:\/\/vitecer.hu\/en\/upcoming-events\/","title":{"rendered":"Upcoming events"},"content":{"rendered":"<div style='padding-bottom:20px;font-size:40px;' class='av-special-heading av-special-heading-h1 custom-color-heading blockquote modern-quote modern-centered   av-inherit-size'><h1 class='av-special-heading-tag'  itemprop=\"headline\"  >Upcoming events<\/h1><div class='special-heading-border'><div class='special-heading-inner-border' ><\/div><\/div><\/div>\n<div style=' margin-top:0px; margin-bottom:30px;'  class='hr hr-custom hr-center hr-icon-no '><span class='hr-inner   inner-border-av-border-fat' style=' width:50px; border-color:#99ca3c;' ><span class='hr-inner-style'><\/span><\/span><\/div>\n<div style='padding-bottom:20px;' class='av-special-heading av-special-heading-h2 custom-color-heading   '><h2 class='av-special-heading-tag'  itemprop=\"headline\"  >SIAL<\/h2><div class='special-heading-border'><div class='special-heading-inner-border' ><\/div><\/div><\/div>\n<div class='flex_column_table av-equal-height-column-flextable' ><div class=\"flex_column av_one_third  flex_column_table_cell av-equal-height-column av-align-middle av-zero-column-padding first  \" style='border-radius:0px; '><section class=\"av_textblock_section\"  itemscope=\"itemscope\" itemtype=\"https:\/\/schema.org\/CreativeWork\" ><div class='avia_textblock '  style='font-size:21px; '  itemprop=\"text\" ><p style=\"text-align: center;\"><strong>SIAL<\/strong><br \/>\nMay 4, 2018<\/p>\n<p style=\"text-align: center;\"><em><strong>Montreal, Kanada<\/strong><\/em><\/p>\n<\/div><\/section><\/div>\n<div class='av-flex-placeholder'><\/div><div class=\"flex_column av_two_third  flex_column_table_cell av-equal-height-column av-align-middle   \" style='padding:20px 0px 20px 0px ; border-radius:0px; '><div class='avia-image-container  av-styling-   avia-align-center '  itemscope=\"itemscope\" itemtype=\"https:\/\/schema.org\/ImageObject\"  ><div class='avia-image-container-inner'><img class='avia_image ' src='https:\/\/vitecer.hu\/vtcr17\/wp-content\/uploads\/montreal-300x125.jpg' alt='' title='montreal'   itemprop=\"thumbnailUrl\" \/><\/div><\/div><\/div><\/div><!--close column table wrapper. Autoclose:  -->\n<div style='height:20px' class='hr hr-invisible '><span class='hr-inner ' ><span class='hr-inner-style'><\/span><\/span><\/div>\n<div style='padding-bottom:20px;' class='av-special-heading av-special-heading-h2 custom-color-heading   '><h2 class='av-special-heading-tag'  itemprop=\"headline\"  >Vitafoods Europe<\/h2><div class='special-heading-border'><div class='special-heading-inner-border' ><\/div><\/div><\/div>\n<div class='flex_column_table av-equal-height-column-flextable' ><div class=\"flex_column av_one_third  flex_column_table_cell av-equal-height-column av-align-middle av-zero-column-padding first  \" style='border-radius:0px; '><section class=\"av_textblock_section\"  itemscope=\"itemscope\" itemtype=\"https:\/\/schema.org\/CreativeWork\" ><div class='avia_textblock '  style='font-size:21px; '  itemprop=\"text\" ><p style=\"text-align: center;\"><strong>Vitafoods Europe<\/strong><br \/>\nMay 15-17, 2018.<\/p>\n<p style=\"text-align: center;\"><em><strong>Polexpo, Geneva<\/strong><\/em><\/p>\n<\/div><\/section><\/div>\n<div class='av-flex-placeholder'><\/div><div class=\"flex_column av_two_third  flex_column_table_cell av-equal-height-column av-align-middle   \" style='padding:20px 0px 20px 0px ; border-radius:0px; '><p><div class='avia-image-container  av-styling-   avia-align-center '  itemscope=\"itemscope\" itemtype=\"https:\/\/schema.org\/ImageObject\"  ><div class='avia-image-container-inner'><img class='avia_image ' src='https:\/\/vitecer.hu\/vtcr17\/wp-content\/uploads\/VF18_Vitecer-Kft_728-m.jpg' alt='' title='VF18_Vitecer Kft_728-m'   itemprop=\"thumbnailUrl\" \/><\/div><\/div><br \/>\n<section class=\"av_textblock_section\"  itemscope=\"itemscope\" itemtype=\"https:\/\/schema.org\/CreativeWork\" ><div class='avia_textblock '  style='font-size:21px; '  itemprop=\"text\" ><p style=\"text-align: center;\">Visit us at our stand: <strong>m180<\/strong><\/p>\n<\/div><\/section><\/p><\/div><\/div><!--close column table wrapper. Autoclose:  -->\n<div style='height:20px' class='hr hr-invisible '><span class='hr-inner ' ><span class='hr-inner-style'><\/span><\/span><\/div>\n<div style='padding-bottom:20px;' class='av-special-heading av-special-heading-h2 custom-color-heading   '><h2 class='av-special-heading-tag'  itemprop=\"headline\"  >Sial &#8211; inspire food business<\/h2><div class='special-heading-border'><div class='special-heading-inner-border' ><\/div><\/div><\/div>\n<div class='flex_column_table av-equal-height-column-flextable' ><div class=\"flex_column av_one_third  flex_column_table_cell av-equal-height-column av-align-middle av-zero-column-padding first  \" style='border-radius:0px; '><section class=\"av_textblock_section\"  itemscope=\"itemscope\" itemtype=\"https:\/\/schema.org\/CreativeWork\" ><div class='avia_textblock '  style='font-size:21px; '  itemprop=\"text\" ><p style=\"text-align: center;\"><strong>Sial &#8211; inspire food business<\/strong><br \/>\nMay 16-18, 2018<\/p>\n<p style=\"text-align: center;\"><em><strong>SNIEC &#8211; Sanghai, China<\/strong><\/em><br \/>\nNew International Expo Centre<\/p>\n<\/div><\/section><\/div><div class='av-flex-placeholder'><\/div><div class=\"flex_column av_two_third  flex_column_table_cell av-equal-height-column av-align-middle   \" style='padding:20px 0px 20px 0px ; border-radius:0px; '><p><div class='avia-image-container  av-styling-   avia-align-center '  itemscope=\"itemscope\" itemtype=\"https:\/\/schema.org\/ImageObject\"  ><div class='avia-image-container-inner'><img class='avia_image ' src='https:\/\/vitecer.hu\/vtcr17\/wp-content\/uploads\/sial-2018-shanghai-banner-180x180.jpg' alt='' title='sial-2018-shanghai-banner'   itemprop=\"thumbnailUrl\" \/><\/div><\/div><br \/>\n<section class=\"av_textblock_section\"  itemscope=\"itemscope\" itemtype=\"https:\/\/schema.org\/CreativeWork\" ><div class='avia_textblock '  style='font-size:21px; '  itemprop=\"text\" ><p style=\"text-align: center;\">SIAL 2018: <strong>W4 A 082<\/strong><\/p>\n<\/div><\/section><\/p><\/div><\/div><!--close column table wrapper. Autoclose:  --><\/p>\n<div style='height:20px' class='hr hr-invisible '><span class='hr-inner ' ><span class='hr-inner-style'><\/span><\/span><\/div>\n<div style='padding-bottom:20px;' class='av-special-heading av-special-heading-h2 custom-color-heading   '><h2 class='av-special-heading-tag'  itemprop=\"headline\"  >Healthplex Expo 2018<\/h2><div class='special-heading-border'><div class='special-heading-inner-border' ><\/div><\/div><\/div>\n<div class='flex_column_table av-equal-height-column-flextable' ><div class=\"flex_column av_one_third  flex_column_table_cell av-equal-height-column av-align-middle av-zero-column-padding first  \" style='border-radius:0px; '><section class=\"av_textblock_section\"  itemscope=\"itemscope\" itemtype=\"https:\/\/schema.org\/CreativeWork\" ><div class='avia_textblock '  style='font-size:21px; '  itemprop=\"text\" ><p style=\"text-align: center;\"><strong>Healthplex Expo 2018<\/strong><br \/>\nJune 20-22, 2018<\/p>\n<p style=\"text-align: center;\"><em><strong>SNIEC &#8211; Sanghai, China<\/strong><\/em><\/p>\n<\/div><\/section><\/div><div class='av-flex-placeholder'><\/div><div class=\"flex_column av_two_third  flex_column_table_cell av-equal-height-column av-align-middle   \" style='padding:20px 0px 20px 0px ; border-radius:0px; '><div class='avia-image-container  av-styling-   avia-align-center '  itemscope=\"itemscope\" itemtype=\"https:\/\/schema.org\/ImageObject\"  ><div class='avia-image-container-inner'><img class='avia_image ' src='https:\/\/vitecer.hu\/vtcr17\/wp-content\/uploads\/nhc-2018-shanghai-banner.jpg' alt='' title='nhc-2018-shanghai-banner'   itemprop=\"thumbnailUrl\" \/><\/div><\/div><\/div><\/div><!--close column table wrapper. Autoclose:  --><\/p>\n<div style='height:20px' class='hr hr-invisible '><span class='hr-inner ' ><span class='hr-inner-style'><\/span><\/span><\/div>\n<div style='padding-bottom:20px;' class='av-special-heading av-special-heading-h2 custom-color-heading   '><h2 class='av-special-heading-tag'  itemprop=\"headline\"  >Healthplex Expo 2018<\/h2><div class='special-heading-border'><div class='special-heading-inner-border' ><\/div><\/div><\/div>\n<div class='flex_column_table av-equal-height-column-flextable' ><div class=\"flex_column av_one_third  flex_column_table_cell av-equal-height-column av-align-middle av-zero-column-padding first  \" style='border-radius:0px; '><section class=\"av_textblock_section\"  itemscope=\"itemscope\" itemtype=\"https:\/\/schema.org\/CreativeWork\" ><div class='avia_textblock '  style='font-size:21px; '  itemprop=\"text\" ><p style=\"text-align: center;\"><strong>Healthplex Expo 2018<\/strong><br \/>\nJune 20-22, 2018<\/p>\n<p style=\"text-align: center;\"><em><strong>SNIEC &#8211; Sanghai, China<\/strong><\/em><\/p>\n<\/div><\/section><\/div><div class='av-flex-placeholder'><\/div><div class=\"flex_column av_two_third  flex_column_table_cell av-equal-height-column av-align-middle   \" style='padding:20px 0px 20px 0px ; border-radius:0px; '><p><div class='avia-image-container  av-styling-   avia-align-center '  itemscope=\"itemscope\" itemtype=\"https:\/\/schema.org\/ImageObject\"  ><div class='avia-image-container-inner'><img class='avia_image ' src='https:\/\/vitecer.hu\/vtcr17\/wp-content\/uploads\/E7C16.jpg' alt='' title='E7C16'   itemprop=\"thumbnailUrl\" \/><\/div><\/div><br \/>\n<section class=\"av_textblock_section\"  itemscope=\"itemscope\" itemtype=\"https:\/\/schema.org\/CreativeWork\" ><div class='avia_textblock '  style='font-size:21px; '  itemprop=\"text\" ><p style=\"text-align: center;\">\u00a0Visit us at our stand: <strong>E7C16<\/strong><\/p>\n<\/div><\/section><\/p><\/div><\/div><!--close column table wrapper. Autoclose:  --><\/p>\n<div style='height:20px' class='hr hr-invisible '><span class='hr-inner ' ><span class='hr-inner-style'><\/span><\/span><\/div>\n<div style='padding-bottom:20px;' class='av-special-heading av-special-heading-h2 custom-color-heading   '><h2 class='av-special-heading-tag'  itemprop=\"headline\"  >Healthplex Expo 2018<\/h2><div class='special-heading-border'><div class='special-heading-inner-border' ><\/div><\/div><\/div>\n<div class='flex_column_table av-equal-height-column-flextable' ><div class=\"flex_column av_one_third  flex_column_table_cell av-equal-height-column av-align-middle av-zero-column-padding first  \" style='border-radius:0px; '><section class=\"av_textblock_section\"  itemscope=\"itemscope\" itemtype=\"https:\/\/schema.org\/CreativeWork\" ><div class='avia_textblock '  style='font-size:21px; '  itemprop=\"text\" ><p style=\"text-align: center;\"><strong>Healthplex Expo 2018<\/strong><br \/>\nJune 20-22, 2018<\/p>\n<p style=\"text-align: center;\"><em><strong>SNIEC &#8211; Sanghai, China<\/strong><\/em><\/p>\n<\/div><\/section><\/div><div class='av-flex-placeholder'><\/div><div class=\"flex_column av_two_third  flex_column_table_cell av-equal-height-column av-align-middle   \" style='padding:20px 0px 20px 0px ; border-radius:0px; '><p><div class='avia-image-container  av-styling-   avia-align-center '  itemscope=\"itemscope\" itemtype=\"https:\/\/schema.org\/ImageObject\"  ><div class='avia-image-container-inner'><img class='avia_image ' src='https:\/\/vitecer.hu\/vtcr17\/wp-content\/uploads\/E7C33.jpg' alt='' title='E7C33'   itemprop=\"thumbnailUrl\" \/><\/div><\/div><br \/>\n<section class=\"av_textblock_section\"  itemscope=\"itemscope\" itemtype=\"https:\/\/schema.org\/CreativeWork\" ><div class='avia_textblock '  style='font-size:21px; '  itemprop=\"text\" ><p style=\"text-align: center;\">Visit us at our stand: <strong>E7C33<\/strong><\/p>\n<\/div><\/section><\/p><\/div><\/div><!--close column table wrapper. Autoclose:  --><\/p>\n","protected":false},"excerpt":{"rendered":"","protected":false},"author":1,"featured_media":0,"parent":0,"menu_order":0,"comment_status":"closed","ping_status":"closed","template":"","meta":[],"yoast_head":"<!-- This site is optimized with the Yoast SEO plugin v15.4 - https:\/\/yoast.com\/wordpress\/plugins\/seo\/ -->\n<title>H\u00edreink, esem\u00e9nyek | ViteCer Kft | ViteCer.hu<\/title>\n<meta name=\"description\" content=\"Tekintse meg leg\u00fajabb h\u00edreinket, r\u00e9szv\u00e9teleinket k\u00fcl\u00f6nb\u00f6z\u0151 esem\u00e9nyeken \u00e9s ki\u00e1ll\u00edt\u00e1sokon. A ViteCer term\u00e9keit jel\u00f6lt\u00e9k a legjobb vitamin hordoz\u00f3i form\u00e1nak!\" \/>\n<meta name=\"robots\" content=\"index, follow, max-snippet:-1, max-image-preview:large, max-video-preview:-1\" \/>\n<link rel=\"canonical\" href=\"https:\/\/vitecer.hu\/en\/upcoming-events\/\" \/>\n<meta property=\"og:locale\" content=\"en_US\" \/>\n<meta property=\"og:type\" content=\"article\" \/>\n<meta property=\"og:title\" content=\"H\u00edreink, esem\u00e9nyek | ViteCer Kft | ViteCer.hu\" \/>\n<meta property=\"og:description\" content=\"Tekintse meg leg\u00fajabb h\u00edreinket, r\u00e9szv\u00e9teleinket k\u00fcl\u00f6nb\u00f6z\u0151 esem\u00e9nyeken \u00e9s ki\u00e1ll\u00edt\u00e1sokon. A ViteCer term\u00e9keit jel\u00f6lt\u00e9k a legjobb vitamin hordoz\u00f3i form\u00e1nak!\" \/>\n<meta property=\"og:url\" content=\"https:\/\/vitecer.hu\/en\/upcoming-events\/\" \/>\n<meta property=\"og:site_name\" content=\"ViteCer Kft.\" \/>\n<meta property=\"article:modified_time\" content=\"2018-04-13T14:42:15+00:00\" \/>\n<meta name=\"twitter:card\" content=\"summary\" \/>\n<meta name=\"twitter:label1\" content=\"Written by\">\n\t<meta name=\"twitter:data1\" content=\"pegaton\">\n\t<meta name=\"twitter:label2\" content=\"Est. reading time\">\n\t<meta name=\"twitter:data2\" content=\"7 minutes\">\n<script type=\"application\/ld+json\" class=\"yoast-schema-graph\">{\"@context\":\"https:\/\/schema.org\",\"@graph\":[{\"@type\":\"WebSite\",\"@id\":\"https:\/\/vitecer.hu\/en\/#website\",\"url\":\"https:\/\/vitecer.hu\/en\/\",\"name\":\"ViteCer Kft.\",\"description\":\"\\u00cdzes\\u00edtett sz\\u00edv\\u00f3sz\\u00e1lak\",\"potentialAction\":[{\"@type\":\"SearchAction\",\"target\":\"https:\/\/vitecer.hu\/en\/?s={search_term_string}\",\"query-input\":\"required name=search_term_string\"}],\"inLanguage\":\"en-US\"},{\"@type\":\"WebPage\",\"@id\":\"https:\/\/vitecer.hu\/en\/upcoming-events\/#webpage\",\"url\":\"https:\/\/vitecer.hu\/en\/upcoming-events\/\",\"name\":\"H\\u00edreink, esem\\u00e9nyek | ViteCer Kft | ViteCer.hu\",\"isPartOf\":{\"@id\":\"https:\/\/vitecer.hu\/en\/#website\"},\"datePublished\":\"2018-04-12T17:15:11+00:00\",\"dateModified\":\"2018-04-13T14:42:15+00:00\",\"description\":\"Tekintse meg leg\\u00fajabb h\\u00edreinket, r\\u00e9szv\\u00e9teleinket k\\u00fcl\\u00f6nb\\u00f6z\\u0151 esem\\u00e9nyeken \\u00e9s ki\\u00e1ll\\u00edt\\u00e1sokon. A ViteCer term\\u00e9keit jel\\u00f6lt\\u00e9k a legjobb vitamin hordoz\\u00f3i form\\u00e1nak!\",\"inLanguage\":\"en-US\",\"potentialAction\":[{\"@type\":\"ReadAction\",\"target\":[\"https:\/\/vitecer.hu\/en\/upcoming-events\/\"]}]}]}<\/script>\n<!-- \/ Yoast SEO plugin. -->","_links":{"self":[{"href":"https:\/\/vitecer.hu\/en\/wp-json\/wp\/v2\/pages\/4753"}],"collection":[{"href":"https:\/\/vitecer.hu\/en\/wp-json\/wp\/v2\/pages"}],"about":[{"href":"https:\/\/vitecer.hu\/en\/wp-json\/wp\/v2\/types\/page"}],"author":[{"embeddable":true,"href":"https:\/\/vitecer.hu\/en\/wp-json\/wp\/v2\/users\/1"}],"replies":[{"embeddable":true,"href":"https:\/\/vitecer.hu\/en\/wp-json\/wp\/v2\/comments?post=4753"}],"version-history":[{"count":6,"href":"https:\/\/vitecer.hu\/en\/wp-json\/wp\/v2\/pages\/4753\/revisions"}],"predecessor-version":[{"id":4770,"href":"https:\/\/vitecer.hu\/en\/wp-json\/wp\/v2\/pages\/4753\/revisions\/4770"}],"wp:attachment":[{"href":"https:\/\/vitecer.hu\/en\/wp-json\/wp\/v2\/media?parent=4753"}],"curies":[{"name":"wp","href":"https:\/\/api.w.org\/{rel}","templated":true}]}}