{"id":4033,"date":"2017-04-22T21:07:00","date_gmt":"2017-04-22T21:07:00","guid":{"rendered":"http:\/\/vitecer.pegaton.hu\/vtcr17\/innovacio\/"},"modified":"2017-05-24T17:01:11","modified_gmt":"2017-05-24T17:01:11","slug":"innovation","status":"publish","type":"page","link":"https:\/\/vitecer.hu\/en\/innovation\/","title":{"rendered":"Innovation"},"content":{"rendered":"<\/div><\/div><\/div><!-- close content main div --><\/div><\/div><div id='av_section_1' class='avia-section main_color avia-section-default avia-no-shadow avia-bg-style-scroll  container_wrap sidebar_right' style = 'background-color: #ffffff; '  ><div class='container' ><div class='template-page content  av-content-small alpha units'><div class='post-entry post-entry-type-page post-entry-4033'><div class='entry-content-wrapper clearfix'>\n<div style='padding-bottom:20px;font-size:40px;' class='av-special-heading av-special-heading-h1 custom-color-heading blockquote modern-quote modern-centered   av-inherit-size'><h1 class='av-special-heading-tag'  itemprop=\"headline\"  >Innovation<\/h1><div class='special-heading-border'><div class='special-heading-inner-border' ><\/div><\/div><\/div>\n<div style=' margin-top:0px; margin-bottom:30px;'  class='hr hr-custom hr-center hr-icon-no '><span class='hr-inner   inner-border-av-border-fat' style=' width:50px; border-color:#99ca3c;' ><span class='hr-inner-style'><\/span><\/span><\/div>\n<div class='av-hotspot-image-container avia_animate_when_almost_visible  avia_animated_image avia_animate_when_almost_visible left-to-right av-hotspot-numbered av-mobile-fallback-active    av-non-fullwidth-hotspot-image '  itemscope=\"itemscope\" itemtype=\"https:\/\/schema.org\/ImageObject\"  ><div class='av-hotspot-container'><div class='av-hotspot-container-inner-cell'><div class='av-hotspot-container-inner-wrap'><div class='av-image-hotspot' data-avia-tooltip-position='top' data-avia-tooltip-alignment='centered' data-avia-tooltip-class='av-tt-default-width av-tt-pos-above av-tt-align-centered  av-mobile-fallback-active  main_color av-tooltip-shadow av-tt-hotspot' data-avia-tooltip='&lt;h5&gt;Pellet&lt;\/h5&gt;\n&lt;p&gt;Active substances&lt;\/p&gt;\n' style='top: 37.5%; left: 30%; '><div class='av-image-hotspot_inner' style='background-color: #7bc523; color: #ffffff;'>1<\/div><div class='av-image-hotspot-pulse' style='background-color:#7bc523;'><\/div><\/div><div class='av-image-hotspot' data-avia-tooltip-position='top' data-avia-tooltip-alignment='centered' data-avia-tooltip-class='av-tt-default-width av-tt-pos-above av-tt-align-centered  av-mobile-fallback-active  main_color av-tooltip-shadow av-tt-hotspot' data-avia-tooltip='&lt;h5&gt;Fizzy tablet&lt;\/h5&gt;\n&lt;p&gt;Fizzy tablets are responsible for the intensive flavour.&lt;\/p&gt;\n' style='top: 37.5%; left: 50.4%; '><div class='av-image-hotspot_inner' style='background-color: #7bc523; color: #ffffff;'>2<\/div><div class='av-image-hotspot-pulse' style='background-color:#7bc523;'><\/div><\/div><div class='av-image-hotspot' data-avia-tooltip-position='top' data-avia-tooltip-alignment='centered' data-avia-tooltip-class='av-tt-default-width av-tt-pos-above av-tt-align-centered  av-mobile-fallback-active  main_color av-tooltip-shadow av-tt-hotspot' data-avia-tooltip='&lt;h5&gt;Pellet&lt;\/h5&gt;\n&lt;p&gt;Active substances&lt;\/p&gt;\n' style='top: 37.5%; left: 72%; '><div class='av-image-hotspot_inner' style='background-color: #7bc523; color: #ffffff;'>3<\/div><div class='av-image-hotspot-pulse' style='background-color:#7bc523;'><\/div><\/div><img class='avia_image ' src='https:\/\/vitecer.hu\/vtcr17\/wp-content\/uploads\/innovation-image.png' alt='sz\u00edv\u00f3sz\u00e1l|straw' title=''   itemprop=\"thumbnailUrl\" \/><\/div><\/div><\/div><div class='av-hotspot-fallback-tooltip'><div class='av-hotspot-fallback-tooltip-count'>1<div class='avia-arrow'><\/div><\/div><div class='av-hotspot-fallback-tooltip-inner clearfix'><h5>Pellet<\/h5>\n<p>Active substances<\/p>\n<\/div><\/div><div class='av-hotspot-fallback-tooltip'><div class='av-hotspot-fallback-tooltip-count'>2<div class='avia-arrow'><\/div><\/div><div class='av-hotspot-fallback-tooltip-inner clearfix'><h5>Fizzy tablet<\/h5>\n<p>Fizzy tablets are responsible for the intensive flavour.<\/p>\n<\/div><\/div><div class='av-hotspot-fallback-tooltip'><div class='av-hotspot-fallback-tooltip-count'>3<div class='avia-arrow'><\/div><\/div><div class='av-hotspot-fallback-tooltip-inner clearfix'><h5>Pellet<\/h5>\n<p>Active substances<\/p>\n<\/div><\/div><\/div>\n<div class=\"flex_column av_one_full  av-animated-generic fade-in  flex_column_div av-zero-column-padding first  \" style='border-radius:0px; '><section class=\"av_textblock_section\"  itemscope=\"itemscope\" itemtype=\"https:\/\/schema.org\/CreativeWork\" ><div class='avia_textblock '   itemprop=\"text\" ><p style=\"text-align: center;\"><strong>Worldwide Patented technology.<\/strong><\/p>\n<p style=\"text-align: center;\"><strong>Our straws are without any moving objects. It\u2019s SAFE to use!<\/strong><\/p>\n<p style=\"text-align: center;\"><strong>Beside flavorings, our straws can carry vitamins, minerals,herbal extracts, and pharmaceuticals.<\/strong><\/p>\n<\/div><\/section><\/div><div style='height:50px' class='hr hr-invisible '><span class='hr-inner ' ><span class='hr-inner-style'><\/span><\/span><\/div>\n<\/div><\/div><\/div><!-- close content main div --><\/div><\/div><div id='after_section_1' class='main_color av_default_container_wrap container_wrap sidebar_right'   ><div class='container' ><div class='template-page content  av-content-small alpha units'><div class='post-entry post-entry-type-page post-entry-4033'><div class='entry-content-wrapper clearfix'>\n","protected":false},"excerpt":{"rendered":"","protected":false},"author":1,"featured_media":0,"parent":0,"menu_order":0,"comment_status":"open","ping_status":"closed","template":"","meta":[],"yoast_head":"<!-- This site is optimized with the Yoast SEO plugin v15.4 - https:\/\/yoast.com\/wordpress\/plugins\/seo\/ -->\n<title>Innovation - Straw, Flavoring Straw with Vitamins | ViteCer<\/title>\n<meta name=\"description\" content=\"Our straws are without any moving objects. It\u2019s SAFE to use! Try our innovative flavoring straw, which can carry vitamins and minerals...\" \/>\n<meta name=\"robots\" content=\"index, follow, max-snippet:-1, max-image-preview:large, max-video-preview:-1\" \/>\n<link rel=\"canonical\" href=\"https:\/\/vitecer.hu\/en\/innovation\/\" \/>\n<meta property=\"og:locale\" content=\"en_US\" \/>\n<meta property=\"og:type\" content=\"article\" \/>\n<meta property=\"og:title\" content=\"Innovation - Straw, Flavoring Straw with Vitamins | ViteCer\" \/>\n<meta property=\"og:description\" content=\"Our straws are without any moving objects. It\u2019s SAFE to use! Try our innovative flavoring straw, which can carry vitamins and minerals...\" \/>\n<meta property=\"og:url\" content=\"https:\/\/vitecer.hu\/en\/innovation\/\" \/>\n<meta property=\"og:site_name\" content=\"ViteCer Kft.\" \/>\n<meta property=\"article:modified_time\" content=\"2017-05-24T17:01:11+00:00\" \/>\n<meta name=\"twitter:card\" content=\"summary\" \/>\n<meta name=\"twitter:label1\" content=\"Written by\">\n\t<meta name=\"twitter:data1\" content=\"pegaton\">\n\t<meta name=\"twitter:label2\" content=\"Est. reading time\">\n\t<meta name=\"twitter:data2\" content=\"2 minutes\">\n<script type=\"application\/ld+json\" class=\"yoast-schema-graph\">{\"@context\":\"https:\/\/schema.org\",\"@graph\":[{\"@type\":\"WebSite\",\"@id\":\"https:\/\/vitecer.hu\/en\/#website\",\"url\":\"https:\/\/vitecer.hu\/en\/\",\"name\":\"ViteCer Kft.\",\"description\":\"\\u00cdzes\\u00edtett sz\\u00edv\\u00f3sz\\u00e1lak\",\"potentialAction\":[{\"@type\":\"SearchAction\",\"target\":\"https:\/\/vitecer.hu\/en\/?s={search_term_string}\",\"query-input\":\"required name=search_term_string\"}],\"inLanguage\":\"en-US\"},{\"@type\":\"WebPage\",\"@id\":\"https:\/\/vitecer.hu\/en\/innovation\/#webpage\",\"url\":\"https:\/\/vitecer.hu\/en\/innovation\/\",\"name\":\"Innovation - Straw, Flavoring Straw with Vitamins | ViteCer\",\"isPartOf\":{\"@id\":\"https:\/\/vitecer.hu\/en\/#website\"},\"datePublished\":\"2017-04-22T21:07:00+00:00\",\"dateModified\":\"2017-05-24T17:01:11+00:00\",\"description\":\"Our straws are without any moving objects. It\\u2019s SAFE to use! Try our innovative flavoring straw, which can carry vitamins and minerals...\",\"inLanguage\":\"en-US\",\"potentialAction\":[{\"@type\":\"ReadAction\",\"target\":[\"https:\/\/vitecer.hu\/en\/innovation\/\"]}]}]}<\/script>\n<!-- \/ Yoast SEO plugin. -->","_links":{"self":[{"href":"https:\/\/vitecer.hu\/en\/wp-json\/wp\/v2\/pages\/4033"}],"collection":[{"href":"https:\/\/vitecer.hu\/en\/wp-json\/wp\/v2\/pages"}],"about":[{"href":"https:\/\/vitecer.hu\/en\/wp-json\/wp\/v2\/types\/page"}],"author":[{"embeddable":true,"href":"https:\/\/vitecer.hu\/en\/wp-json\/wp\/v2\/users\/1"}],"replies":[{"embeddable":true,"href":"https:\/\/vitecer.hu\/en\/wp-json\/wp\/v2\/comments?post=4033"}],"version-history":[{"count":7,"href":"https:\/\/vitecer.hu\/en\/wp-json\/wp\/v2\/pages\/4033\/revisions"}],"predecessor-version":[{"id":4326,"href":"https:\/\/vitecer.hu\/en\/wp-json\/wp\/v2\/pages\/4033\/revisions\/4326"}],"wp:attachment":[{"href":"https:\/\/vitecer.hu\/en\/wp-json\/wp\/v2\/media?parent=4033"}],"curies":[{"name":"wp","href":"https:\/\/api.w.org\/{rel}","templated":true}]}}