{"id":4029,"date":"2017-04-24T15:23:18","date_gmt":"2017-04-24T15:23:18","guid":{"rendered":"http:\/\/vitecer.pegaton.hu\/vtcr17\/dip-and-sip-izesitett-szivoszalak\/"},"modified":"2017-06-02T07:29:24","modified_gmt":"2017-06-02T07:29:24","slug":"dip-and-sip-flavored-straws","status":"publish","type":"page","link":"https:\/\/vitecer.hu\/en\/food\/dip-and-sip-flavored-straws\/","title":{"rendered":"Dip&#038;Sip Flavored Straws"},"content":{"rendered":"<div style='padding-bottom:20px;font-size:40px;' class='av-special-heading av-special-heading-h1 custom-color-heading blockquote modern-quote modern-centered   av-inherit-size'><h1 class='av-special-heading-tag'  itemprop=\"headline\"  >Dip&amp;Sip Flavored Straws<\/h1><div class='special-heading-border'><div class='special-heading-inner-border' ><\/div><\/div><\/div>\n<div style=' margin-top:0px; margin-bottom:30px;'  class='hr hr-custom hr-center hr-icon-no '><span class='hr-inner   inner-border-av-border-fat' style=' width:50px; border-color:#99ca3c;' ><span class='hr-inner-style'><\/span><\/span><\/div>\n<div class='flex_column_table av-equal-height-column-flextable' ><div class=\"flex_column av_one_half  flex_column_table_cell av-equal-height-column av-align-middle av-zero-column-padding first  \" style='border-radius:0px; '><section class=\"av_textblock_section\"  itemscope=\"itemscope\" itemtype=\"https:\/\/schema.org\/CreativeWork\" ><div class='avia_textblock '   itemprop=\"text\" ><h2 style=\"text-align: left;\"><strong>The flavored straws by Dip&amp;Sip turn a glass of water into a delicious refreshment.<\/strong><\/h2>\n<p style=\"text-align: left;\"><strong>Flavors:<\/strong> apple, orange, lemon, raspberry, blackcurrant<\/p>\n<\/div><\/section><\/div><div class='av-flex-placeholder'><\/div><div class=\"flex_column av_one_half  flex_column_table_cell av-equal-height-column av-align-middle av-zero-column-padding   \" style='border-radius:0px; '><div class='avia-image-container avia_animated_image avia_animate_when_almost_visible right-to-left av-styling-   avia-align-center '  itemscope=\"itemscope\" itemtype=\"https:\/\/schema.org\/ImageObject\"  ><div class='avia-image-container-inner'><img class='avia_image ' src='https:\/\/vitecer.hu\/vtcr17\/wp-content\/uploads\/dip-and-sip-termekek-all-vk.jpg' alt='Dip &amp; Sip flavored straw' title=''   itemprop=\"thumbnailUrl\" \/><\/div><\/div><\/div><\/div><!--close column table wrapper. Autoclose:  --><\/p>\n<\/div><\/div><\/div><!-- close content main div --><\/div><\/div><div id='av_section_1' class='avia-section main_color avia-section-default avia-no-shadow avia-bg-style-scroll  container_wrap sidebar_right'   ><div class='container' ><div class='template-page content  av-content-small alpha units'><div class='post-entry post-entry-type-page post-entry-4029'><div class='entry-content-wrapper clearfix'>\n<div class=\"flex_column av_one_half  flex_column_div av-zero-column-padding first  \" style='border-radius:0px; '><p><div style='padding-bottom:3px;' class='av-special-heading av-special-heading-h3  blockquote modern-quote  av-thin-font'><h3 class='av-special-heading-tag'  itemprop=\"headline\"  ><strong>Dip&amp;Sip is:<\/strong><\/h3><div class='special-heading-border'><div class='special-heading-inner-border' ><\/div><\/div><\/div><br \/>\n<div style=' margin-top:0px; margin-bottom:10px;'  class='hr hr-custom hr-left hr-icon-no '><span class='hr-inner   inner-border-av-border-fat' style=' width:50px; border-color:#99ca3c;' ><span class='hr-inner-style'><\/span><\/span><\/div><br \/>\n<section class=\"av_textblock_section\"  itemscope=\"itemscope\" itemtype=\"https:\/\/schema.org\/CreativeWork\" ><div class='avia_textblock '   itemprop=\"text\" ><ul>\n<li>Lactose-free<\/li>\n<li>Gluten-free<\/li>\n<li>Also for vegetarians<\/li>\n<li>The specialized straws have no loose elements, thus no solid grain can reach the mouth; their use is absolutely safe.<\/li>\n<\/ul>\n<\/div><\/section><\/p><\/div><div class=\"flex_column av_one_half  flex_column_div av-zero-column-padding   \" style='border-radius:0px; '><p><div style='padding-bottom:3px;' class='av-special-heading av-special-heading-h3  blockquote modern-quote  av-thin-font'><h3 class='av-special-heading-tag'  itemprop=\"headline\"  ><strong>Instructions:<\/strong><\/h3><div class='special-heading-border'><div class='special-heading-inner-border' ><\/div><\/div><\/div><br \/>\n<div style=' margin-top:0px; margin-bottom:10px;'  class='hr hr-custom hr-left hr-icon-no '><span class='hr-inner   inner-border-av-border-fat' style=' width:50px; border-color:#99ca3c;' ><span class='hr-inner-style'><\/span><\/span><\/div><br \/>\n<div class='avia-image-container avia_animated_image avia_animate_when_almost_visible pop-up av-styling-   avia-align-left '  itemscope=\"itemscope\" itemtype=\"https:\/\/schema.org\/ImageObject\"  ><div class='avia-image-container-inner'><img class='avia_image ' src='https:\/\/vitecer.hu\/vtcr17\/wp-content\/uploads\/dip-and-sip-hasznalat.png' alt='' title=''   itemprop=\"thumbnailUrl\" \/><\/div><\/div><br \/>\n<div style='height:10px' class='hr hr-invisible '><span class='hr-inner ' ><span class='hr-inner-style'><\/span><\/span><\/div><br \/>\n<section class=\"av_textblock_section\"  itemscope=\"itemscope\" itemtype=\"https:\/\/schema.org\/CreativeWork\" ><div class='avia_textblock '   itemprop=\"text\" ><ol style=\"margin-left: 0px;\">\n<li>Pour 200 ml water into a glass!<\/li>\n<li>Remove the wrapping from the straw!<\/li>\n<li>Place the straw in the glass and\u00a0enjoy the exceptional taste!<\/li>\n<\/ol>\n<p>Parental guidance is recommended for children under the age of three.<\/p>\n<\/div><\/section><\/p><\/div>\n<\/div><\/div><\/div><!-- close content main div --><\/div><\/div><div id='after_section_1' class='main_color av_default_container_wrap container_wrap sidebar_right'   ><div class='container' ><div class='template-page content  av-content-small alpha units'><div class='post-entry post-entry-type-page post-entry-4029'><div class='entry-content-wrapper clearfix'>\n<\/div><\/div><\/div><!-- close content main div --><\/div><\/div><div id='av_section_2' class='avia-section main_color avia-section-no-padding avia-no-shadow avia-bg-style-scroll  container_wrap sidebar_right' style = 'background-color: #f1f1f1; '  ><div class='container' ><div class='template-page content  av-content-small alpha units'><div class='post-entry post-entry-type-page post-entry-4029'><div class='entry-content-wrapper clearfix'>\n<div style='height:1px; margin-top:0px'  class='hr hr-invisible '><span class='hr-inner ' ><span class='hr-inner-style'><\/span><\/span><\/div>\n<div style='padding-bottom:20px;font-size:40px;' class='av-special-heading av-special-heading-h2 custom-color-heading blockquote modern-quote modern-centered  av-inherit-size'><h2 class='av-special-heading-tag'  itemprop=\"headline\"  >Product details<\/h2><div class='special-heading-border'><div class='special-heading-inner-border' ><\/div><\/div><\/div>\n<div style=' margin-top:0px; margin-bottom:0px;'  class='hr hr-custom hr-center hr-icon-no '><span class='hr-inner   inner-border-av-border-fat' style=' width:50px; border-color:#99ca3c;' ><span class='hr-inner-style'><\/span><\/span><\/div>\n<\/div><\/div><\/div><!-- close content main div --><\/div><\/div><div id='after_section_2' class='main_color av_default_container_wrap container_wrap sidebar_right'   ><div class='container' ><div class='template-page content  av-content-small alpha units'><div class='post-entry post-entry-type-page post-entry-4029'><div class='entry-content-wrapper clearfix'>\n<\/div><\/div><\/div><!-- close content main div --><\/div><\/div><div id='av-tab-section-1' class='av-tab-section-container entry-content-wrapper main_color av-tab-no-transition av-tab-above-content  container_wrap sidebar_right'   ><div class='av-tab-section-outer-container'><div class='av-tab-section-tab-title-container avia-tab-title-padding-none ' style='background-color:#f1f1f1; '><a href='#' data-av-tab-section-title='1' class='av-section-tab-title av-active-tab-title av-tab-with-icon av-tab-no-image  '><span class='av-tab-section-icon' aria-hidden='true' data-av_icon='\ue859' data-av_iconfont='entypo-fontello'><\/span><span class='av-outer-tab-title'><span class='av-inner-tab-title'>Kiszerel\u00e9sek<\/span><\/span><span class='av-tab-arrow-container'><span><\/span><\/span><\/a><a href='#' data-av-tab-section-title='2' class='av-section-tab-title  av-tab-with-icon av-tab-no-image  '><span class='av-tab-section-icon' aria-hidden='true' data-av_icon='\ue8a5' data-av_iconfont='entypo-fontello'><\/span><span class='av-outer-tab-title'><span class='av-inner-tab-title'>Cikksz\u00e1mok<\/span><\/span><span class='av-tab-arrow-container'><span><\/span><\/span><\/a><\/div><div class='av-tab-section-inner-container avia-section-default' style='width:200vw; left:0%;'><span class='av_prev_tab_section av_tab_navigation'><\/span><span class='av_next_tab_section av_tab_navigation'><\/span>\n<div data-av-tab-section-content=\"1\" class=\"av-layout-tab av-animation-delay-container av-active-tab-content __av_init_open   \" style='vertical-align:top; ' ><div class='av-layout-tab-inner'><div class='container'><p><div class='avia-data-table-wrap avia_responsive_table'><table class='avia-table avia-data-table avia-table-1  avia_pricing_minimal'  itemscope=\"itemscope\" itemtype=\"https:\/\/schema.org\/Table\" ><tbody><tr class='avia-heading-row'><th class='avia-desc-col'><\/th><th class=''>Sz\u00edv\u00f3sz\u00e1l<br \/>\n(db)<\/th><th class=''>Minibox<br \/>\n(db)<\/th><th class=''>Display<br \/>\n(db)<\/th><th class=''>Karton<br \/>\n(db) <\/th><th class=''>Nett\u00f3 s\u00faly<br \/>\n(g)<\/th><th class=''>Brutt\u00f3 s\u00faly<br \/>\n(g)<\/th><\/tr><tr class=''><th class='avia-desc-col'>Minibox<\/th><td class=''>6<br \/>\n<\/td><td class=''>&#8211;<\/td><td class=''>&#8211;<\/td><td class=''>&#8211;<\/td><td class=''>36<\/td><td class=''>55.6<\/td><\/tr><tr class=''><th class='avia-desc-col'>Cs\u00edk display<\/th><td class=''>60<\/td><td class=''>10<\/td><td class=''>&#8211;<\/td><td class=''>&#8211;<\/td><td class=''>360<\/td><td class=''>596<\/td><\/tr><tr class=''><th class='avia-desc-col'>Karton<\/th><td class=''>600<\/td><td class=''>100<\/td><td class=''>10<\/td><td class=''>&#8211;<\/td><td class=''>3 600<\/td><td class=''>6 660<\/td><\/tr><tr class=''><th class='avia-desc-col'>Raklap<\/th><td class=''>25 400<\/td><td class=''>4 200<\/td><td class=''>420<\/td><td class=''>42<\/td><td class=''>151 200<\/td><td class=''>281 200<\/td><\/tr><\/tbody><\/table><\/div><style type='text\/css'>.avia-table-1 td:nth-of-type(0):before { content: ''; } .avia-table-1 td:nth-of-type(1):before { content: 'Sz\u00edv\u00f3sz\u00e1l<br \/>\n(db)'; } .avia-table-1 td:nth-of-type(2):before { content: 'Minibox<br \/>\n(db)'; } .avia-table-1 td:nth-of-type(3):before { content: 'Display<br \/>\n(db)'; } .avia-table-1 td:nth-of-type(4):before { content: 'Karton<br \/>\n(db) '; } .avia-table-1 td:nth-of-type(5):before { content: 'Nett\u00f3 s\u00faly<br \/>\n(g)'; } .avia-table-1 td:nth-of-type(6):before { content: 'Brutt\u00f3 s\u00faly<br \/>\n(g)'; } <\/style><br \/>\n<section class=\"av_textblock_section\"  itemscope=\"itemscope\" itemtype=\"https:\/\/schema.org\/CreativeWork\" ><div class='avia_textblock '   itemprop=\"text\" ><p style=\"text-align: center;\">(A raklap becs\u00fclt brutt\u00f3 magass\u00e1ga: 176 cm, 7 sor)<\/p>\n<\/div><\/section><\/p>\n<\/div><\/div><\/div><div data-av-tab-section-content=\"2\" class=\"av-layout-tab av-animation-delay-container    \" style='vertical-align:top; ' ><div class='av-layout-tab-inner'><div class='container'><div class='avia-data-table-wrap avia_responsive_table'><table class='avia-table avia-data-table avia-table-2  avia_pricing_minimal'  itemscope=\"itemscope\" itemtype=\"https:\/\/schema.org\/Table\" ><tbody><tr class='avia-heading-row'><th class='avia-desc-col'>Term\u00e9k<\/th><th class=''>SKU EAN<\/th><th class=''>VTSZ<\/th><\/tr><tr class=''><th class='avia-desc-col'>Dip&amp;Sip narancs<\/th><td class=''>5999565270322<\/td><td class=''>1704909900<\/td><\/tr><tr class=''><th class='avia-desc-col'>Dip&amp;Sip citrom<\/th><td class=''>5999565270339<\/td><td class=''>1704909900<\/td><\/tr><tr class=''><th class='avia-desc-col'>Dip&amp;Sip m\u00e1lna<\/th><td class=''>5999565270346<\/td><td class=''>1704909900<\/td><\/tr><tr class=''><th class='avia-desc-col'>Dip&amp;Sip z\u00f6ldalma<\/th><td class=''>5999565270315<\/td><td class=''>1704909900<\/td><\/tr><tr class=''><th class='avia-desc-col'>Dip&amp;Sip feketeribizli<\/th><td class=''>5999565270353<\/td><td class=''>1704909900<\/td><\/tr><\/tbody><\/table><\/div><style type='text\/css'>.avia-table-2 td:nth-of-type(0):before { content: 'Term\u00e9k'; } .avia-table-2 td:nth-of-type(1):before { content: 'SKU EAN'; } .avia-table-2 td:nth-of-type(2):before { content: 'VTSZ'; } <\/style>\n<\/div><\/div><\/div>\n<\/div><\/div><\/div>\n","protected":false},"excerpt":{"rendered":"","protected":false},"author":1,"featured_media":0,"parent":4031,"menu_order":0,"comment_status":"closed","ping_status":"closed","template":"","meta":[],"yoast_head":"<!-- This site is optimized with the Yoast SEO plugin v15.4 - https:\/\/yoast.com\/wordpress\/plugins\/seo\/ -->\n<title>Dip&amp;Sip Flavored Straws - Vitasip | ViteCer Ltd.<\/title>\n<meta name=\"description\" content=\"The flavored straws by Dip&amp;Sip turn a glass of water into a delicious refreshment. Flavors: apple, orange, lemon, raspberry, blackcurrant\" \/>\n<meta name=\"robots\" content=\"index, follow, max-snippet:-1, max-image-preview:large, max-video-preview:-1\" \/>\n<link rel=\"canonical\" href=\"https:\/\/vitecer.hu\/en\/food\/dip-and-sip-flavored-straws\/\" \/>\n<meta property=\"og:locale\" content=\"en_US\" \/>\n<meta property=\"og:type\" content=\"article\" \/>\n<meta property=\"og:title\" content=\"Dip&amp;Sip Flavored Straws - Vitasip | ViteCer Ltd.\" \/>\n<meta property=\"og:description\" content=\"The flavored straws by Dip&amp;Sip turn a glass of water into a delicious refreshment. Flavors: apple, orange, lemon, raspberry, blackcurrant\" \/>\n<meta property=\"og:url\" content=\"https:\/\/vitecer.hu\/en\/food\/dip-and-sip-flavored-straws\/\" \/>\n<meta property=\"og:site_name\" content=\"ViteCer Kft.\" \/>\n<meta property=\"article:modified_time\" content=\"2017-06-02T07:29:24+00:00\" \/>\n<meta name=\"twitter:card\" content=\"summary\" \/>\n<meta name=\"twitter:label1\" content=\"Written by\">\n\t<meta name=\"twitter:data1\" content=\"pegaton\">\n\t<meta name=\"twitter:label2\" content=\"Est. reading time\">\n\t<meta name=\"twitter:data2\" content=\"7 minutes\">\n<script type=\"application\/ld+json\" class=\"yoast-schema-graph\">{\"@context\":\"https:\/\/schema.org\",\"@graph\":[{\"@type\":\"WebSite\",\"@id\":\"https:\/\/vitecer.hu\/en\/#website\",\"url\":\"https:\/\/vitecer.hu\/en\/\",\"name\":\"ViteCer Kft.\",\"description\":\"\\u00cdzes\\u00edtett sz\\u00edv\\u00f3sz\\u00e1lak\",\"potentialAction\":[{\"@type\":\"SearchAction\",\"target\":\"https:\/\/vitecer.hu\/en\/?s={search_term_string}\",\"query-input\":\"required name=search_term_string\"}],\"inLanguage\":\"en-US\"},{\"@type\":\"WebPage\",\"@id\":\"https:\/\/vitecer.hu\/en\/food\/dip-and-sip-flavored-straws\/#webpage\",\"url\":\"https:\/\/vitecer.hu\/en\/food\/dip-and-sip-flavored-straws\/\",\"name\":\"Dip&Sip Flavored Straws - Vitasip | ViteCer Ltd.\",\"isPartOf\":{\"@id\":\"https:\/\/vitecer.hu\/en\/#website\"},\"datePublished\":\"2017-04-24T15:23:18+00:00\",\"dateModified\":\"2017-06-02T07:29:24+00:00\",\"description\":\"The flavored straws by Dip&Sip turn a glass of water into a delicious refreshment. Flavors: apple, orange, lemon, raspberry, blackcurrant\",\"inLanguage\":\"en-US\",\"potentialAction\":[{\"@type\":\"ReadAction\",\"target\":[\"https:\/\/vitecer.hu\/en\/food\/dip-and-sip-flavored-straws\/\"]}]}]}<\/script>\n<!-- \/ Yoast SEO plugin. -->","_links":{"self":[{"href":"https:\/\/vitecer.hu\/en\/wp-json\/wp\/v2\/pages\/4029"}],"collection":[{"href":"https:\/\/vitecer.hu\/en\/wp-json\/wp\/v2\/pages"}],"about":[{"href":"https:\/\/vitecer.hu\/en\/wp-json\/wp\/v2\/types\/page"}],"author":[{"embeddable":true,"href":"https:\/\/vitecer.hu\/en\/wp-json\/wp\/v2\/users\/1"}],"replies":[{"embeddable":true,"href":"https:\/\/vitecer.hu\/en\/wp-json\/wp\/v2\/comments?post=4029"}],"version-history":[{"count":7,"href":"https:\/\/vitecer.hu\/en\/wp-json\/wp\/v2\/pages\/4029\/revisions"}],"predecessor-version":[{"id":4303,"href":"https:\/\/vitecer.hu\/en\/wp-json\/wp\/v2\/pages\/4029\/revisions\/4303"}],"up":[{"embeddable":true,"href":"https:\/\/vitecer.hu\/en\/wp-json\/wp\/v2\/pages\/4031"}],"wp:attachment":[{"href":"https:\/\/vitecer.hu\/en\/wp-json\/wp\/v2\/media?parent=4029"}],"curies":[{"name":"wp","href":"https:\/\/api.w.org\/{rel}","templated":true}]}}