{"id":4027,"date":"2017-04-25T20:01:15","date_gmt":"2017-04-25T20:01:15","guid":{"rendered":"http:\/\/vitecer.pegaton.hu\/vtcr17\/vitasip-collagen-complex\/"},"modified":"2017-12-11T19:17:55","modified_gmt":"2017-12-11T19:17:55","slug":"vitasip-beauty-collagen-complex","status":"publish","type":"page","link":"https:\/\/vitecer.hu\/en\/supplements\/vitasip-beauty-collagen-complex\/","title":{"rendered":"Vitasip Beauty Collagen Complex"},"content":{"rendered":"<div style='padding-bottom:20px;font-size:40px;' class='av-special-heading av-special-heading-h1 custom-color-heading blockquote modern-quote modern-centered   av-inherit-size'><h1 class='av-special-heading-tag'  itemprop=\"headline\"  >Vitasip Beauty Collagen Complex<\/h1><div class='special-heading-border'><div class='special-heading-inner-border' ><\/div><\/div><\/div>\n<div style=' margin-top:0px; margin-bottom:30px;'  class='hr hr-custom hr-center hr-icon-no '><span class='hr-inner   inner-border-av-border-fat' style=' width:50px; border-color:#99ca3c;' ><span class='hr-inner-style'><\/span><\/span><\/div>\n<div class='flex_column_table av-equal-height-column-flextable' ><div class=\"flex_column av_one_half  flex_column_table_cell av-equal-height-column av-align-middle av-zero-column-padding first  \" style='border-radius:0px; '><p><div style='padding-bottom:3px;' class='av-special-heading av-special-heading-h2  blockquote modern-quote '><h2 class='av-special-heading-tag'  itemprop=\"headline\"  >Beauty Care through Drinking Straws<\/h2><div class='special-heading-border'><div class='special-heading-inner-border' ><\/div><\/div><\/div><br \/>\n<div style=' margin-top:0px; margin-bottom:10px;'  class='hr hr-custom hr-left hr-icon-no '><span class='hr-inner   inner-border-av-border-fat' style=' width:50px; border-color:#99ca3c;' ><span class='hr-inner-style'><\/span><\/span><\/div><br \/>\n<section class=\"av_textblock_section\"  itemscope=\"itemscope\" itemtype=\"https:\/\/schema.org\/CreativeWork\" ><div class='avia_textblock '   itemprop=\"text\" ><p>Would you like to reduce your wrinkles without any surgical operation, injection or pain? Thanks to their content of collagen and hyaluronic acid, the flavoured drinking straws <em>VitaSip Collagen Complex<\/em> contribute to the reduction of wrinkles appearing in consequence of air pollution and natural processes of ageing.<\/p>\n<p>Did you know that collagen and hyaluronic acid are components of skin and cartilage, and the most important structural components of connective tissues? Both active ingredients play a significant role in the preservation of the healthy, flexible and hydrated state of skin and in the maintenance of the motility of joints.<\/p>\n<p>Selenium, Vitamin E and Vitamin C help the protection of cells against oxidative stress and the maintenance of the normal state of hair and nails. Vitamin C contributes to the normal generation of collagen and, thereby, to the preservation of the normal state and functioning of the skin.<\/p>\n<\/div><\/section><\/p><\/div>\n<div class='av-flex-placeholder'><\/div><div class=\"flex_column av_one_half  flex_column_table_cell av-equal-height-column av-align-middle av-zero-column-padding   \" style='border-radius:0px; '><div class='avia-image-container avia_animated_image avia_animate_when_almost_visible right-to-left av-styling-   avia-align-center '  itemscope=\"itemscope\" itemtype=\"https:\/\/schema.org\/ImageObject\"  ><div class='avia-image-container-inner'><img class='avia_image ' src='https:\/\/vitecer.hu\/vtcr17\/wp-content\/uploads\/kollagen-termekek.jpg' alt='Kollag\u00e9n term\u00e9kek' title='Kollag\u00e9n term\u00e9kek'   itemprop=\"thumbnailUrl\" \/><\/div><\/div><\/div><\/div><!--close column table wrapper. Autoclose:  -->\n<div class=\"flex_column av_one_full  flex_column_div av-zero-column-padding first  \" style='border-radius:0px; '><p><div style='padding-bottom:3px;' class='av-special-heading av-special-heading-h2  blockquote modern-quote '><h2 class='av-special-heading-tag'  itemprop=\"headline\"  >Positive effects<\/h2><div class='special-heading-border'><div class='special-heading-inner-border' ><\/div><\/div><\/div><br \/>\n<div style=' margin-top:0px; margin-bottom:10px;'  class='hr hr-custom hr-left hr-icon-no '><span class='hr-inner   inner-border-av-border-fat' style=' width:50px; border-color:#99ca3c;' ><span class='hr-inner-style'><\/span><\/span><\/div><br \/>\n<section class=\"av_textblock_section\"  itemscope=\"itemscope\" itemtype=\"https:\/\/schema.org\/CreativeWork\" ><div class='avia_textblock '   itemprop=\"text\" ><p>Skin is the mirror of the health status of the human body. However, in the course of time, it loses in flexibility even by healthy life and nutrition.<\/p>\n<\/div><\/section><\/p><\/div>\n<\/div><\/div><\/div><!-- close content main div --><\/div><\/div><div id='av_section_1' class='avia-section main_color avia-section-default avia-no-shadow avia-bg-style-scroll  container_wrap sidebar_right' style = 'background-color: #f8f8f8; '  ><div class='container' ><div class='template-page content  av-content-small alpha units'><div class='post-entry post-entry-type-page post-entry-4027'><div class='entry-content-wrapper clearfix'>\n<div class='flex_column_table av-equal-height-column-flextable' ><div class=\"flex_column av_one_full  flex_column_table_cell av-equal-height-column av-align-middle av-zero-column-padding first  \" style='border-radius:0px; '><section class=\"av_textblock_section\"  itemscope=\"itemscope\" itemtype=\"https:\/\/schema.org\/CreativeWork\" ><div class='avia_textblock '  style='font-size:22px; '  itemprop=\"text\" ><p style=\"text-align: center;\"><strong>According to the tests, the positive effects of collagen may appear as early as after four weeks of application.<br \/>\nThis is most visible in the case of women over 50,\u00a0since in this age the skin loses in hydration and<br \/>\nflexibility at a fast pace after menopause.*<\/strong><\/p>\n<\/div><\/section><br \/>\n<section class=\"av_textblock_section\"  itemscope=\"itemscope\" itemtype=\"https:\/\/schema.org\/CreativeWork\" ><div class='avia_textblock '   itemprop=\"text\" ><p style=\"text-align: center;\"><em>* According to the studies<\/em><\/p>\n<\/div><\/section><\/p><\/div><\/div><!--close column table wrapper. Autoclose:  -->\n<\/div><\/div><\/div><!-- close content main div --><\/div><\/div><div id='after_section_1' class='main_color av_default_container_wrap container_wrap sidebar_right'   ><div class='container' ><div class='template-page content  av-content-small alpha units'><div class='post-entry post-entry-type-page post-entry-4027'><div class='entry-content-wrapper clearfix'>\n<\/div><\/div><\/div><!-- close content main div --><\/div><\/div><div id='av_section_2' class='avia-section main_color avia-section-default avia-no-shadow avia-bg-style-scroll  container_wrap sidebar_right'   ><div class='container' ><div class='template-page content  av-content-small alpha units'><div class='post-entry post-entry-type-page post-entry-4027'><div class='entry-content-wrapper clearfix'>\n<div class=\"flex_column av_one_half  flex_column_div av-zero-column-padding first  \" style='border-radius:0px; '><p><div style='padding-bottom:3px;' class='av-special-heading av-special-heading-h3  blockquote modern-quote   av-thin-font'><h3 class='av-special-heading-tag'  itemprop=\"headline\"  ><strong>What is collagen?<\/strong><\/h3><div class='special-heading-border'><div class='special-heading-inner-border' ><\/div><\/div><\/div><br \/>\n<div style=' margin-top:0px; margin-bottom:10px;'  class='hr hr-custom hr-left hr-icon-no '><span class='hr-inner   inner-border-av-border-fat' style=' width:50px; border-color:#99ca3c;' ><span class='hr-inner-style'><\/span><\/span><\/div><br \/>\n<section class=\"av_textblock_section\"  itemscope=\"itemscope\" itemtype=\"https:\/\/schema.org\/CreativeWork\" ><div class='avia_textblock '   itemprop=\"text\" ><p>It is a protein that can be found in human body and provides for the flexibility of tissues. 75% of our skin is made of collagen. Collagen helps the regeneration of skin, and so it contributes visibly to the deceleration of the ageing processes of skin.<\/p>\n<\/div><\/section><\/p><\/div><div class=\"flex_column av_one_half  flex_column_div av-zero-column-padding   \" style='border-radius:0px; '><p><div style='padding-bottom:3px;' class='av-special-heading av-special-heading-h3  blockquote modern-quote   av-thin-font'><h3 class='av-special-heading-tag'  itemprop=\"headline\"  ><strong>Instructions for use<\/strong><\/h3><div class='special-heading-border'><div class='special-heading-inner-border' ><\/div><\/div><\/div><br \/>\n<div style=' margin-top:0px; margin-bottom:10px;'  class='hr hr-custom hr-left hr-icon-no '><span class='hr-inner   inner-border-av-border-fat' style=' width:50px; border-color:#99ca3c;' ><span class='hr-inner-style'><\/span><\/span><\/div><br \/>\n<div class='avia-image-container avia_animated_image avia_animate_when_almost_visible pop-up av-styling-   avia-align-left '  itemscope=\"itemscope\" itemtype=\"https:\/\/schema.org\/ImageObject\"  ><div class='avia-image-container-inner'><img class='avia_image ' src='https:\/\/vitecer.hu\/vtcr17\/wp-content\/uploads\/dip-and-sip-hasznalat.png' alt='' title=''   itemprop=\"thumbnailUrl\" \/><\/div><\/div><br \/>\n<div style='height:10px' class='hr hr-invisible '><span class='hr-inner ' ><span class='hr-inner-style'><\/span><\/span><\/div><br \/>\n<section class=\"av_textblock_section\"  itemscope=\"itemscope\" itemtype=\"https:\/\/schema.org\/CreativeWork\" ><div class='avia_textblock '   itemprop=\"text\" ><ol style=\"margin-left: 0;\">\n<li>Pour water in a glass (3 dl).<\/li>\n<li>Take the drinking straw out of the packaging material.<\/li>\n<li>Put the straw in the glass, and enjoy the pleasant flavour.<\/li>\n<\/ol>\n<p>Recommended daily consumption: 2 drinking straws per day<\/p>\n<\/div><\/section><\/p><\/div><\/div><\/div><\/div><!-- close content main div --><\/div><\/div><div id='after_section_2' class='main_color av_default_container_wrap container_wrap sidebar_right'   ><div class='container' ><div class='template-page content  av-content-small alpha units'><div class='post-entry post-entry-type-page post-entry-4027'><div class='entry-content-wrapper clearfix'><\/div><\/div><\/div><!-- close content main div --><\/div><\/div><div id='av_section_3' class='avia-section main_color avia-section-default avia-no-shadow avia-bg-style-scroll  container_wrap sidebar_right'   ><div class='container' ><div class='template-page content  av-content-small alpha units'><div class='post-entry post-entry-type-page post-entry-4027'><div class='entry-content-wrapper clearfix'>\n<div style='padding-bottom:3px;' class='av-special-heading av-special-heading-h2  blockquote modern-quote modern-centered  '><h2 class='av-special-heading-tag'  itemprop=\"headline\"  >Ingredients<\/h2><div class='special-heading-border'><div class='special-heading-inner-border' ><\/div><\/div><\/div>\n<div style=' margin-top:0px; margin-bottom:30px;'  class='hr hr-custom hr-center hr-icon-no '><span class='hr-inner   inner-border-av-border-fat' style=' width:50px; border-color:#99ca3c;' ><span class='hr-inner-style'><\/span><\/span><\/div>\n<div class=\"flex_column av_one_half  flex_column_div av-zero-column-padding first  \" style='border-radius:0px; '><p><div style='padding-bottom:3px;' class='av-special-heading av-special-heading-h3  blockquote modern-quote   av-thin-font'><h3 class='av-special-heading-tag'  itemprop=\"headline\"  ><strong>VitaSip Collagen Complex with Tropical Fruit Flavouring<\/strong><\/h3><div class='special-heading-border'><div class='special-heading-inner-border' ><\/div><\/div><\/div><br \/>\n<div style=' margin-top:0px; margin-bottom:10px;'  class='hr hr-custom hr-left hr-icon-no '><span class='hr-inner   inner-border-av-border-fat' style=' width:50px; border-color:#99ca3c;' ><span class='hr-inner-style'><\/span><\/span><\/div><br \/>\n<section class=\"av_textblock_section\"  itemscope=\"itemscope\" itemtype=\"https:\/\/schema.org\/CreativeWork\" ><div class='avia_textblock '   itemprop=\"text\" ><p>Sugar-free, tropical fruit flavoured product containing vitamins and minerals, with sweeteners in the drinking straw.<\/p>\n<\/div><\/section><br \/>\n<div style='height:15px' class='hr hr-invisible '><span class='hr-inner ' ><span class='hr-inner-style'><\/span><\/span><\/div><br \/>\n<section class=\"av_textblock_section\"  itemscope=\"itemscope\" itemtype=\"https:\/\/schema.org\/CreativeWork\" ><div class='avia_textblock '   itemprop=\"text\" ><p>Vitamin and mineral contents in one dose:<\/p>\n<table id=\"vitasip-tropusigyumolcs\" border=\"0\" cellspacing=\"0\" cellpadding=\"0\">\n<tbody>\n<tr>\n<td width=\"122\"><\/td>\n<td class=\"tdhead\" width=\"173\">In 1 dose<\/td>\n<td class=\"tdhead\" width=\"231\">RDI %**<\/td>\n<\/tr>\n<tr>\n<td width=\"122\">Riboflavin (mg)<\/td>\n<td width=\"173\">0,7<\/td>\n<td width=\"231\">50%<\/td>\n<\/tr>\n<tr>\n<td width=\"122\">Vitamin C (mg)<\/td>\n<td width=\"173\">80<\/td>\n<td width=\"231\">100%<\/td>\n<\/tr>\n<tr>\n<td width=\"122\">Vitamin E (mg)<\/td>\n<td width=\"173\">12<\/td>\n<td width=\"231\">100%<\/td>\n<\/tr>\n<tr>\n<td width=\"122\">Selenium (\u03bcg)<\/td>\n<td width=\"173\">55<\/td>\n<td width=\"231\">100%<\/td>\n<\/tr>\n<tr>\n<td width=\"122\">Zinc (mg)<\/td>\n<td width=\"173\">10<\/td>\n<td width=\"231\">100%<\/td>\n<\/tr>\n<tr>\n<td width=\"122\">Calcium (mg)<\/td>\n<td width=\"173\">120<\/td>\n<td width=\"231\">15%<\/td>\n<\/tr>\n<tr>\n<td width=\"122\">Collagen (mg)<\/td>\n<td width=\"173\">500<\/td>\n<td width=\"231\">&#8211;<\/td>\n<\/tr>\n<tr>\n<td width=\"122\">Hyaluronic Acid<\/td>\n<td width=\"173\">20<\/td>\n<td width=\"231\">&#8211;<\/td>\n<\/tr>\n<\/tbody>\n<\/table>\n<\/div><\/section><br \/>\n<section class=\"av_textblock_section\"  itemscope=\"itemscope\" itemtype=\"https:\/\/schema.org\/CreativeWork\" ><div class='avia_textblock '  style='font-size:11px; '  itemprop=\"text\" ><p>** Daily Reference Intake for adults<\/p>\n<\/div><\/section><\/p><\/div><div class=\"flex_column av_one_half  flex_column_div av-zero-column-padding   \" style='border-radius:0px; '><p><div style='padding-bottom:3px;' class='av-special-heading av-special-heading-h3  blockquote modern-quote   av-thin-font'><h3 class='av-special-heading-tag'  itemprop=\"headline\"  ><strong>VitaSip Collagen Complex with Mixed Berry Flavouring<\/strong><\/h3><div class='special-heading-border'><div class='special-heading-inner-border' ><\/div><\/div><\/div><br \/>\n<div style=' margin-top:0px; margin-bottom:10px;'  class='hr hr-custom hr-left hr-icon-no '><span class='hr-inner   inner-border-av-border-fat' style=' width:50px; border-color:#99ca3c;' ><span class='hr-inner-style'><\/span><\/span><\/div><br \/>\n<section class=\"av_textblock_section\"  itemscope=\"itemscope\" itemtype=\"https:\/\/schema.org\/CreativeWork\" ><div class='avia_textblock '   itemprop=\"text\" ><p>Sugar-free, forest fruit flavoured product containing vitamins and minerals, with sweeteners in the drinking straw.<\/p>\n<\/div><\/section><br \/>\n<div style='height:15px' class='hr hr-invisible '><span class='hr-inner ' ><span class='hr-inner-style'><\/span><\/span><\/div><br \/>\n<section class=\"av_textblock_section\"  itemscope=\"itemscope\" itemtype=\"https:\/\/schema.org\/CreativeWork\" ><div class='avia_textblock '   itemprop=\"text\" ><p>Vitamin and mineral contents in one dose:<\/p>\n<table id=\"vitaship-erdeigyumolcs\" border=\"0\" cellspacing=\"0\" cellpadding=\"0\">\n<tbody>\n<tr>\n<td width=\"132\"><\/td>\n<td class=\"tdhead\" width=\"161\">In 1 dose<\/td>\n<td class=\"tdhead\" width=\"232\">RDI %**<\/td>\n<\/tr>\n<tr>\n<td width=\"132\">Riboflavin (mg)<\/td>\n<td width=\"161\">0,7<\/td>\n<td width=\"232\">50%<\/td>\n<\/tr>\n<tr>\n<td width=\"132\">Vitamin C (mg)<\/td>\n<td width=\"161\">80<\/td>\n<td width=\"232\">100%<\/td>\n<\/tr>\n<tr>\n<td width=\"132\">Vitamin E (mg)<\/td>\n<td width=\"161\">12<\/td>\n<td width=\"232\">100%<\/td>\n<\/tr>\n<tr>\n<td width=\"132\">Selenium (\u03bcg)<\/td>\n<td width=\"161\">55<\/td>\n<td width=\"232\">100%<\/td>\n<\/tr>\n<tr>\n<td width=\"132\">Zinc (mg)<\/td>\n<td width=\"161\">10<\/td>\n<td width=\"232\">100%<\/td>\n<\/tr>\n<tr>\n<td width=\"132\">Calcium (mg)<\/td>\n<td width=\"161\">120<\/td>\n<td width=\"232\">15%<\/td>\n<\/tr>\n<tr>\n<td width=\"132\">Collagen (mg)<\/td>\n<td width=\"161\">500<\/td>\n<td width=\"232\">&#8211;<\/td>\n<\/tr>\n<tr>\n<td width=\"132\">Hyaluronic Acid<\/td>\n<td width=\"161\">20<\/td>\n<td width=\"232\">&#8211;<\/td>\n<\/tr>\n<\/tbody>\n<\/table>\n<\/div><\/section><br \/>\n<section class=\"av_textblock_section\"  itemscope=\"itemscope\" itemtype=\"https:\/\/schema.org\/CreativeWork\" ><div class='avia_textblock '  style='font-size:11px; '  itemprop=\"text\" ><p>** Daily Reference Intake for adults<\/p>\n<\/div><\/section><\/p><\/div>\n<\/div><\/div><\/div><!-- close content main div --><\/div><\/div><div id='after_section_3' class='main_color av_default_container_wrap container_wrap sidebar_right'   ><div class='container' ><div class='template-page content  av-content-small alpha units'><div class='post-entry post-entry-type-page post-entry-4027'><div class='entry-content-wrapper clearfix'><\/p>\n","protected":false},"excerpt":{"rendered":"","protected":false},"author":1,"featured_media":0,"parent":4179,"menu_order":0,"comment_status":"closed","ping_status":"closed","template":"","meta":[],"yoast_head":"<!-- This site is optimized with the Yoast SEO plugin v15.4 - https:\/\/yoast.com\/wordpress\/plugins\/seo\/ -->\n<title>\u00cdzes\u00edtett sz\u00edv\u00f3sz\u00e1l kollag\u00e9nnel \u00e9s vitaminokkal | ViteCer.hu<\/title>\n<meta name=\"description\" content=\"A Vitasip Collagen Complex szabadalmazott technol\u00f3gi\u00e1val gy\u00e1rtott, nagy tisztas\u00e1g\u00fa , kiv\u00e1l\u00f3an hasznosul\u00f3 kollag\u00e9n \u00e9s hialuronsav kivonatokat tartalmaz.\" \/>\n<meta name=\"robots\" content=\"index, follow, max-snippet:-1, max-image-preview:large, max-video-preview:-1\" \/>\n<link rel=\"canonical\" href=\"https:\/\/vitecer.hu\/en\/supplements\/vitasip-beauty-collagen-complex\/\" \/>\n<meta property=\"og:locale\" content=\"en_US\" \/>\n<meta property=\"og:type\" content=\"article\" \/>\n<meta property=\"og:title\" content=\"\u00cdzes\u00edtett sz\u00edv\u00f3sz\u00e1l kollag\u00e9nnel \u00e9s vitaminokkal | ViteCer.hu\" \/>\n<meta property=\"og:description\" content=\"A Vitasip Collagen Complex szabadalmazott technol\u00f3gi\u00e1val gy\u00e1rtott, nagy tisztas\u00e1g\u00fa , kiv\u00e1l\u00f3an hasznosul\u00f3 kollag\u00e9n \u00e9s hialuronsav kivonatokat tartalmaz.\" \/>\n<meta property=\"og:url\" content=\"https:\/\/vitecer.hu\/en\/supplements\/vitasip-beauty-collagen-complex\/\" \/>\n<meta property=\"og:site_name\" content=\"ViteCer Kft.\" \/>\n<meta property=\"article:modified_time\" content=\"2017-12-11T19:17:55+00:00\" \/>\n<meta name=\"twitter:card\" content=\"summary\" \/>\n<meta name=\"twitter:label1\" content=\"Written by\">\n\t<meta name=\"twitter:data1\" content=\"pegaton\">\n\t<meta name=\"twitter:label2\" content=\"Est. reading time\">\n\t<meta name=\"twitter:data2\" content=\"9 minutes\">\n<script type=\"application\/ld+json\" class=\"yoast-schema-graph\">{\"@context\":\"https:\/\/schema.org\",\"@graph\":[{\"@type\":\"WebSite\",\"@id\":\"https:\/\/vitecer.hu\/en\/#website\",\"url\":\"https:\/\/vitecer.hu\/en\/\",\"name\":\"ViteCer Kft.\",\"description\":\"\\u00cdzes\\u00edtett sz\\u00edv\\u00f3sz\\u00e1lak\",\"potentialAction\":[{\"@type\":\"SearchAction\",\"target\":\"https:\/\/vitecer.hu\/en\/?s={search_term_string}\",\"query-input\":\"required name=search_term_string\"}],\"inLanguage\":\"en-US\"},{\"@type\":\"WebPage\",\"@id\":\"https:\/\/vitecer.hu\/en\/supplements\/vitasip-beauty-collagen-complex\/#webpage\",\"url\":\"https:\/\/vitecer.hu\/en\/supplements\/vitasip-beauty-collagen-complex\/\",\"name\":\"\\u00cdzes\\u00edtett sz\\u00edv\\u00f3sz\\u00e1l kollag\\u00e9nnel \\u00e9s vitaminokkal | ViteCer.hu\",\"isPartOf\":{\"@id\":\"https:\/\/vitecer.hu\/en\/#website\"},\"datePublished\":\"2017-04-25T20:01:15+00:00\",\"dateModified\":\"2017-12-11T19:17:55+00:00\",\"description\":\"A Vitasip Collagen Complex szabadalmazott technol\\u00f3gi\\u00e1val gy\\u00e1rtott, nagy tisztas\\u00e1g\\u00fa , kiv\\u00e1l\\u00f3an hasznosul\\u00f3 kollag\\u00e9n \\u00e9s hialuronsav kivonatokat tartalmaz.\",\"inLanguage\":\"en-US\",\"potentialAction\":[{\"@type\":\"ReadAction\",\"target\":[\"https:\/\/vitecer.hu\/en\/supplements\/vitasip-beauty-collagen-complex\/\"]}]}]}<\/script>\n<!-- \/ Yoast SEO plugin. -->","_links":{"self":[{"href":"https:\/\/vitecer.hu\/en\/wp-json\/wp\/v2\/pages\/4027"}],"collection":[{"href":"https:\/\/vitecer.hu\/en\/wp-json\/wp\/v2\/pages"}],"about":[{"href":"https:\/\/vitecer.hu\/en\/wp-json\/wp\/v2\/types\/page"}],"author":[{"embeddable":true,"href":"https:\/\/vitecer.hu\/en\/wp-json\/wp\/v2\/users\/1"}],"replies":[{"embeddable":true,"href":"https:\/\/vitecer.hu\/en\/wp-json\/wp\/v2\/comments?post=4027"}],"version-history":[{"count":18,"href":"https:\/\/vitecer.hu\/en\/wp-json\/wp\/v2\/pages\/4027\/revisions"}],"predecessor-version":[{"id":4571,"href":"https:\/\/vitecer.hu\/en\/wp-json\/wp\/v2\/pages\/4027\/revisions\/4571"}],"up":[{"embeddable":true,"href":"https:\/\/vitecer.hu\/en\/wp-json\/wp\/v2\/pages\/4179"}],"wp:attachment":[{"href":"https:\/\/vitecer.hu\/en\/wp-json\/wp\/v2\/media?parent=4027"}],"curies":[{"name":"wp","href":"https:\/\/api.w.org\/{rel}","templated":true}]}}